{"id":11,"date":"2021-10-09T09:49:08","date_gmt":"2021-10-09T09:49:08","guid":{"rendered":"https:\/\/cloudina.pjwstk.edu.pl\/?page_id=11"},"modified":"2021-10-13T13:41:54","modified_gmt":"2021-10-13T11:41:54","slug":"about","status":"publish","type":"page","link":"https:\/\/cloudready.pjwstk.edu.pl\/index.php\/about\/","title":{"rendered":"Info"},"content":{"rendered":"\n<p>CloudInA &#8211; Cloud Infrastructure Academy<\/p>\n\n\n\n<p>Projekt realizowany przez Polsko-Japo\u0144sk\u0105 Akademi\u0119 Technik Komputerowych. Ma na celu propagowanie wiedzy na temat wirtualizacji system\u00f3w komputerowych, <br>automatyzacji tworzenia i konfiguracji system\u00f3w wirtualnych, <br>oraz wykorzystania chmury publicznej AWS, Azure, GCP .  <\/p>\n","protected":false},"excerpt":{"rendered":"<p>CloudInA &#8211; Cloud Infrastructure Academy Projekt realizowany przez Polsko-Japo\u0144sk\u0105 Akademi\u0119 Technik Komputerowych. Ma na celu propagowanie wiedzy na temat wirtualizacji system\u00f3w komputerowych, automatyzacji tworzenia i konfiguracji system\u00f3w wirtualnych, oraz wykorzystania chmury publicznej AWS, Azure, GCP .<\/p>\n","protected":false},"author":1,"featured_media":0,"parent":0,"menu_order":0,"comment_status":"closed","ping_status":"closed","template":"","meta":{"footnotes":""},"class_list":["post-11","page","type-page","status-publish","hentry"],"_links":{"self":[{"href":"https:\/\/cloudready.pjwstk.edu.pl\/index.php\/wp-json\/wp\/v2\/pages\/11","targetHints":{"allow":["GET"]}}],"collection":[{"href":"https:\/\/cloudready.pjwstk.edu.pl\/index.php\/wp-json\/wp\/v2\/pages"}],"about":[{"href":"https:\/\/cloudready.pjwstk.edu.pl\/index.php\/wp-json\/wp\/v2\/types\/page"}],"author":[{"embeddable":true,"href":"https:\/\/cloudready.pjwstk.edu.pl\/index.php\/wp-json\/wp\/v2\/users\/1"}],"replies":[{"embeddable":true,"href":"https:\/\/cloudready.pjwstk.edu.pl\/index.php\/wp-json\/wp\/v2\/comments?post=11"}],"version-history":[{"count":3,"href":"https:\/\/cloudready.pjwstk.edu.pl\/index.php\/wp-json\/wp\/v2\/pages\/11\/revisions"}],"predecessor-version":[{"id":95,"href":"https:\/\/cloudready.pjwstk.edu.pl\/index.php\/wp-json\/wp\/v2\/pages\/11\/revisions\/95"}],"wp:attachment":[{"href":"https:\/\/cloudready.pjwstk.edu.pl\/index.php\/wp-json\/wp\/v2\/media?parent=11"}],"curies":[{"name":"wp","href":"https:\/\/api.w.org\/{rel}","templated":true}]}}