{"id":159,"date":"2023-01-30T17:51:36","date_gmt":"2023-01-30T15:51:36","guid":{"rendered":"https:\/\/cloudina.pjwstk.edu.pl\/?page_id=159"},"modified":"2023-02-16T13:32:34","modified_gmt":"2023-02-16T12:32:34","slug":"public-cloud-fundamentals-2022-2023","status":"publish","type":"page","link":"https:\/\/cloudready.pjwstk.edu.pl\/index.php\/public-cloud-fundamentals-2022-2023\/","title":{"rendered":"Public Cloud Fundamentals  Spring 2022\/2023"},"content":{"rendered":"\n<p class=\"has-text-align-left has-secondary-color has-text-color\">Darmowe szkolenia dla student\u00f3w PJATK:<\/p>\n\n\n\n<p class=\"has-text-align-left\">Grupa ACF2302 AWS Clod Fundamentals<br>planowane rozpocz\u0119cie zaj\u0119\u0107 07.03.2023 <br>rejestracja zako\u0144czona.     <\/p>\n\n\n\n<p class=\"has-text-align-left\">Grupa ACF2303 AWS Clod Fundamentals<br>planowane rozpocz\u0119cie zaj\u0119\u0107 14.03.2023<br>rejestracja zako\u0144czona<\/p>\n\n\n\n<p>Grupa AZF2301 Azure Fundamentals<br>planowane rozpocz\u0119cie 21.03.2023 <br>rejestracja od 21.02.2023. <\/p>\n\n\n\n<p>Grupa GCP2301 Google Associate Cloud Engineer<br>planowane rozpocz\u0119cie 28.03.2023 <br>rejestracja od 28.02.2023. <\/p>\n\n\n\n<p>link do zapis\u00f3w do poszczeg\u00f3lnych grup pojawi si\u0119 w dniu rozpocz\u0119cia rejestracji po godzinie 21:00.<\/p>\n","protected":false},"excerpt":{"rendered":"<p>Darmowe szkolenia dla student\u00f3w PJATK: Grupa ACF2302 AWS Clod Fundamentalsplanowane rozpocz\u0119cie zaj\u0119\u0107 07.03.2023 rejestracja zako\u0144czona. Grupa ACF2303 AWS Clod Fundamentalsplanowane rozpocz\u0119cie zaj\u0119\u0107 14.03.2023rejestracja zako\u0144czona Grupa AZF2301 Azure Fundamentalsplanowane rozpocz\u0119cie 21.03.2023 rejestracja od 21.02.2023. Grupa GCP2301 Google Associate Cloud Engineerplanowane rozpocz\u0119cie 28.03.2023 rejestracja od 28.02.2023. link do zapis\u00f3w do poszczeg\u00f3lnych grup pojawi si\u0119 w dniu rozpocz\u0119cia [&hellip;]<\/p>\n","protected":false},"author":1,"featured_media":0,"parent":0,"menu_order":0,"comment_status":"closed","ping_status":"closed","template":"","meta":{"footnotes":""},"class_list":["post-159","page","type-page","status-publish","hentry"],"_links":{"self":[{"href":"https:\/\/cloudready.pjwstk.edu.pl\/index.php\/wp-json\/wp\/v2\/pages\/159","targetHints":{"allow":["GET"]}}],"collection":[{"href":"https:\/\/cloudready.pjwstk.edu.pl\/index.php\/wp-json\/wp\/v2\/pages"}],"about":[{"href":"https:\/\/cloudready.pjwstk.edu.pl\/index.php\/wp-json\/wp\/v2\/types\/page"}],"author":[{"embeddable":true,"href":"https:\/\/cloudready.pjwstk.edu.pl\/index.php\/wp-json\/wp\/v2\/users\/1"}],"replies":[{"embeddable":true,"href":"https:\/\/cloudready.pjwstk.edu.pl\/index.php\/wp-json\/wp\/v2\/comments?post=159"}],"version-history":[{"count":11,"href":"https:\/\/cloudready.pjwstk.edu.pl\/index.php\/wp-json\/wp\/v2\/pages\/159\/revisions"}],"predecessor-version":[{"id":200,"href":"https:\/\/cloudready.pjwstk.edu.pl\/index.php\/wp-json\/wp\/v2\/pages\/159\/revisions\/200"}],"wp:attachment":[{"href":"https:\/\/cloudready.pjwstk.edu.pl\/index.php\/wp-json\/wp\/v2\/media?parent=159"}],"curies":[{"name":"wp","href":"https:\/\/api.w.org\/{rel}","templated":true}]}}